{"id":2,"date":"2015-02-15T10:40:34","date_gmt":"2015-02-15T09:40:34","guid":{"rendered":"http:\/\/www.rfv-ingoldingen.de\/wordpress\/?page_id=2"},"modified":"2026-01-30T09:30:33","modified_gmt":"2026-01-30T08:30:33","slug":"beispiel-seite","status":"publish","type":"page","link":"http:\/\/www.rfv-ingoldingen.de\/wordpress\/","title":{"rendered":"Reit- und Fahrverein Ingoldingen:"},"content":{"rendered":"\n<figure class=\"wp-block-image is-resized\"><img decoding=\"async\" src=\"http:\/\/www.rfv-ingoldingen.de\/wordpress\/wp-content\/uploads\/2023\/07\/Logo-RFV-Ingoldingen-1024x745.jpg\" alt=\"Dieses Bild hat ein leeres Alt-Attribut. Der Dateiname ist Logo-RFV-Ingoldingen-1024x745.jpg\" style=\"width:649px;height:auto\"\/><\/figure>\n\n\n<p>\u00a0<\/p>\n<p>Wir sind ein gemeinn\u00fctziger Verein und wollen unseren Mitgliedern die gesamte Breite des Pferdesports bieten. Unsere weitl\u00e4ufige und ruhig gelegene Anlage verf\u00fcgt \u00fcber eine Reithalle, einen Au\u00dfenreitplatz mit Sandboden, sowie \u00fcber einen gro\u00dfen Spring- und Fahrplatz.<\/p>\n<p>Bei uns finden Turnier- und Freizeitreiter, Reitanf\u00e4nger und Wiedereinsteiger in allen Sparten ideale Bedingungen. Umgeben ist unsere sch\u00f6ne Reitanlage von einem idyllischen Ausreitgel\u00e4nde.<\/p>\n<p>Kontakt: <a href=\"mailto:info@rfv-ingoldingen.de\">info@rfv-ingoldingen.de<\/a>\u00a0<\/p>\n\n\n<div class=\"wp-block-jetpack-contact-info\">\n\n\n\n<\/div>\n","protected":false},"excerpt":{"rendered":"<p>\u00a0 Wir sind ein gemeinn\u00fctziger Verein und wollen unseren Mitgliedern die gesamte Breite des Pferdesports bieten. Unsere weitl\u00e4ufige und ruhig gelegene Anlage verf\u00fcgt \u00fcber eine Reithalle, einen Au\u00dfenreitplatz mit Sandboden, sowie \u00fcber einen gro\u00dfen Spring- und Fahrplatz. Bei uns finden Turnier- und Freizeitreiter, Reitanf\u00e4nger und Wiedereinsteiger in allen Sparten ideale Bedingungen. Umgeben ist unsere sch\u00f6ne [&hellip;]<\/p>\n","protected":false},"author":5,"featured_media":0,"parent":0,"menu_order":0,"comment_status":"closed","ping_status":"closed","template":"","meta":{"footnotes":""},"class_list":["post-2","page","type-page","status-publish","hentry"],"jetpack_sharing_enabled":true,"_links":{"self":[{"href":"http:\/\/www.rfv-ingoldingen.de\/wordpress\/wp-json\/wp\/v2\/pages\/2","targetHints":{"allow":["GET"]}}],"collection":[{"href":"http:\/\/www.rfv-ingoldingen.de\/wordpress\/wp-json\/wp\/v2\/pages"}],"about":[{"href":"http:\/\/www.rfv-ingoldingen.de\/wordpress\/wp-json\/wp\/v2\/types\/page"}],"author":[{"embeddable":true,"href":"http:\/\/www.rfv-ingoldingen.de\/wordpress\/wp-json\/wp\/v2\/users\/5"}],"replies":[{"embeddable":true,"href":"http:\/\/www.rfv-ingoldingen.de\/wordpress\/wp-json\/wp\/v2\/comments?post=2"}],"version-history":[{"count":84,"href":"http:\/\/www.rfv-ingoldingen.de\/wordpress\/wp-json\/wp\/v2\/pages\/2\/revisions"}],"predecessor-version":[{"id":1778,"href":"http:\/\/www.rfv-ingoldingen.de\/wordpress\/wp-json\/wp\/v2\/pages\/2\/revisions\/1778"}],"wp:attachment":[{"href":"http:\/\/www.rfv-ingoldingen.de\/wordpress\/wp-json\/wp\/v2\/media?parent=2"}],"curies":[{"name":"wp","href":"https:\/\/api.w.org\/{rel}","templated":true}]}}